{"id":168,"date":"2023-08-11T17:21:40","date_gmt":"2023-08-11T15:21:40","guid":{"rendered":"http:\/\/new.zum-skierniewice.pl\/?page_id=168"},"modified":"2024-01-16T23:47:53","modified_gmt":"2024-01-16T22:47:53","slug":"testowa-stronka","status":"publish","type":"page","link":"http:\/\/zum-skierniewice.pl\/index.php\/testowa-stronka\/","title":{"rendered":"testowa stronka"},"content":{"rendered":"<!--[html]--><style><\/style><div class=\"bd-tagstyles  additional-class-1885658654 \"><div class=\"bd-container-inner bd-content-element\"><!--{content}--><article class=\"art-post\">\n<div class=\"art-postmetadataheader\">\n<h2 class=\"art-postheader\">Regulaminy<\/h2>\n<\/div>\n<\/article>\n<div class=\"items-leading\">\n<div class=\"leading-0\"><article class=\"art-post\">\n<div class=\"art-postheadericons art-metadata-icons\"><a title=\"Drukuj\" href=\"https:\/\/www.zum-skierniewice.pl\/przetargi\/regulamin\/69-regulamin-komisji-przetargowej?tmpl=component&amp;print=1&amp;layout=default&amp;page=\" rel=\"nofollow\"><img decoding=\"async\" src=\"https:\/\/www.zum-skierniewice.pl\/templates\/zum_ok2_podstrony\/images\/system\/printButton.png\" alt=\"Print\"><\/a> | <a title=\"E-mail\" href=\"https:\/\/www.zum-skierniewice.pl\/component\/mailto\/?tmpl=component&amp;template=zum_ok2_podstrony&amp;link=d51c2c813e0035f8a92355ec150431e60b26509f\" rel=\"nofollow\"><img decoding=\"async\" src=\"https:\/\/www.zum-skierniewice.pl\/templates\/zum_ok2_podstrony\/images\/system\/emailButton.png\" alt=\"Email\"><\/a> | Ods\u0142ony: 3546<\/div>\n<div class=\"art-postcontent clearfix\">\n<div class=\"art-article\">\n\n<strong>REGULAMIN I SZCZEG\u00d3\u0141OWE ZASADY PRACY KOMISJI PRZETARGOWEJ<\/strong>\n\n1.W zarz\u0105dzeniu wewn\u0119trznym powo\u0142uj\u0105cym Komisj\u0119, wyznacza si\u0119 jednocze\u015bnie jego przewodnicz\u0105cego i sekretarza.\n\n2. Przewodnicz\u0105cy kieruje prac\u0105 Komisji, reprezentuje j\u0105 w wyst\u0105pieniach zewn\u0119trznych i jest upowa\u017cniony do podejmowania decyzji dotycz\u0105cych spraw organizacyjnych zwi\u0105zanych z prowadzeniem post\u0119powania.\n\n3.Decyzje Komisji powinny zapada\u0107 zgodnie.\n\n4. Je\u015bli uzgodnienie stanowiska nie jest mo\u017cliwe , przewodnicz\u0105cy Komisji zarz\u0105dza g\u0142osowanie tajne lub jawne, w kt\u00f3rym ka\u017cdy z cz\u0142onk\u00f3w ma jeden g\u0142os. W przypadku gdy g\u0142osowanie nie mo\u017ce wy\u0142oni\u0107 rozstrzygni\u0119cia, przewodnicz\u0105cy Komisji ma g\u0142os przewa\u017caj\u0105cy.\n\n5.Obowi\u0105zkiem sekretarza jest prowadzenie w spos\u00f3b ci\u0105g\u0142y protok\u00f3\u0142u tocz\u0105cego si\u0119 post\u0119powania i stanowi\u0105cych jego integraln\u0105 cz\u0119\u015b\u0107 protoko\u0142\u00f3w kolejnych posiedze\u0144 Komisji.\n\n6. Sekretarz jest odpowiedzialny za formaln\u0105 stron\u0119 post\u0119powania Jego dokumentacj\u0119 oraz organizacj\u0119 kontakt\u00f3w z oferentami.\n\n7.Cz\u0142onkom Komisji mo\u017cna w pocz\u0105tkowej fazie post\u0119powania przydzieli\u0107 zadania zwi\u0105zane z przygotowaniem dokument\u00f3w, opracowaniem lub wyborem metody warto\u015bciowania ofert itp.\n\n8.Oferty nie spe\u0142niaj\u0105ce zewn\u0119trznych wymog\u00f3w odrzuca si\u0119 natychmiast informuj\u0105c o tym obecnych;\n\n- termin z\u0142o\u017cenia oferty\n\n- nie wniesienie wadium w okre\u015blonym terminie\n\n9. Post\u0119powanie o zam\u00f3wienie publiczne uniewa\u017cnia si\u0119 je\u017celi:\n\na. w post\u0119powaniu w trybie innym, ni\u017c tryb z wolnej r\u0119ki, wp\u0142yn\u0119\u0142y nie mniej ni\u017c dwie oferty nie podlegaj\u0105ce odrzuceniu lub mniej ni\u017c dwa wnioski o dopuszczeniu do udzia\u0142u w przetargu ograniczonym,\n\n<em>&nbsp; <\/em>b<em>.<\/em> cena najkorzystniejszej oferty przewy\u017csza kwot\u0119 , kt\u00f3ra zamawiaj\u0105cy mo\u017ce przeznaczy\u0107 na finansowanie zam\u00f3wienia,\n\nc. wyst\u0105pi\u0142a istotna zmiana okoliczno\u015bci powoduj\u0105ca, \u017ce prowadzone post\u0119powanie lub wykonanie zam\u00f3wienia nie le\u017cy w interesie publicznym , czego nie mo\u017cna by\u0142o wcze\u015bniej przewidzie\u0107,\n\nd. zamawiaj\u0105cy nie dope\u0142ni\u0142 obowi\u0105zku zamieszczenia w Biuletynie&nbsp;&nbsp; Zam\u00f3wie\u0144 Publicznych og\u0142oszenia o post\u0119powaniu o udzielenie zam\u00f3wienia publicznego albo post\u0119powanie jest dotkni\u0119te wad\u0105 uniemo\u017cliwiaj\u0105c\u0105 zawarcie umowy.\n\n10. O uniewa\u017cnieniu post\u0119powania zamawiaj\u0105cy zawiadamia dostawc\u00f3w lub wykonawc\u00f3w bior\u0105cych udzia\u0142 w post\u0119powaniu ,podaj\u0105c uzasadnienie faktyczne i prawne.\n\n11 .W przypadku uniewa\u017cnienia z winy zamawiaj\u0105cego post\u0119powania o zam\u00f3wienie\n\npubliczne na podstawie ust. l pkt. 3 lub 4, dostawcom lub wykonawcom, kt\u00f3rzy z\u0142o\u017cyli oferty nie podlegaj\u0105ce odrzuceniu przys\u0142uguje roszczenie o zwrot uzasadnionych koszt\u00f3w uczestnictwa w post\u0119powaniu , w szczeg\u00f3lno\u015bci koszt\u00f3w przygotowania oferty.\n\n12. Komisja przetargowa przeprowadza w trybie publicznym \/jawnym\/ otwarcie ofert, podaj\u0105c obecnym:\n\n- imi\u0119 i nazwisko,\n\n- nazw\u0119 (firm\u0119),\n\n- adres (siedzib\u0119) dostawcy lub wykonawcy, kt\u00f3rego oferta jest otwierana,\n\n- cen\u0119 oferty,\n\n- termin wykonania zam\u00f3wienia publicznego,\n\n- okres gwarancji,\n\n- warunki p\u0142atno\u015bci zawarte w ofercie,\n\n- dat\u0119 z\u0142o\u017cenia oferty,\n\nOfert\u0119 z\u0142o\u017con\u0105 po terminie zwraca si\u0119 bez otwierania po up\u0142ywie terminu przewidzianego na wniesienie protestu.\n\nPowy\u017csze informacje dor\u0119cza si\u0119 oferentom , kt\u00f3rzy nie byli obecni przy otwieraniu ofert, na ich wniosek.\n\n13 Cz\u0119\u015b\u0107 jawn\u0105 post\u0119powania Komisji dokonuje si\u0119 w formie listy zawieraj\u0105cej nazw\u0119&nbsp; oferenta i cen\u0119 \/drukZP-12\/.\n\n14. Oferty odrzucone umieszcza si\u0119 na li\u015bcie z uzasadnieniem ich odrzucenia \/druk ZP-19\/.\n\n15. Przed przyst\u0105pieniem do por\u00f3wnania ofert, cz\u0142onkowie Komisji podpisuj\u0105 swoje o\u015bwiadczenia o braku okoliczno\u015bci, kt\u00f3re mog\u0142yby przewa\u017ca\u0107 ich bezstronno\u015b\u0107\n\n\/drukZP-1 za\u0142.10\/\n\n16. Wyja\u015bnienie tre\u015bci z\u0142o\u017conych ofert i sporz\u0105dzenie informacji o spe\u0142nieniu wymog\u00f3w wymaganych od dostawc\u00f3w-wykonawc\u00f3w \/druk ZP-17\/\n\n17. Komisja po otwarciu ofert , w trybie niejawnym dokonuje oceny otrzymanych ofert w zakresie podmiotowym, stosuj\u0105c \u015bci\u015ble zapisane w specyfikacji kryteria . Metody por\u00f3wnania ofert \/punktowe lub inne\/ ustala Komisja stosownie do zakresu i merytorycznej zawarto\u015bci zam\u00f3wienia \/druk ZP-20\/.\n\n18. Komisja pos\u0142uguj\u0105c si\u0119 stosownymi kryteriami i wybran\u0105 metod\u0105 warto\u015bciowania ofert uk\u0142ada ranking rozpatrywanych ofert, wskazuj\u0105c ofert\u0119 na 1-ej pozycji jako najkorzystniejsz\u0105 \/ZP-21\/\n\n19. Powody odrzucenia wszystkich ofert \/drukZP-16\/.\n\n20. Wype\u0142nienie protok\u00f3\u0142u \/drukZP-1\/ i przedstawienie do zatwierdzenia kierownikowi jednostki zamawiaj\u0105cej, z propozycj\u0105 podpisania umowy z wybranym oferentem.\n\n23. Komisja zawiadamia niezw\u0142ocznie uczestnik\u00f3w post\u0119powania o jego rozstrzygni\u0119ciu, proponuj\u0105c wybranemu oferentowi podpisanie umowy nie wcze\u015bniej ni\u017c 7 og\u0142oszenia, o kt\u00f3rym mowa w art.50 ust.2, nie p\u00f3\u017aniej jednak ni\u017c przed up\u0142ywem terminu zwi\u0105zania z ofert\u0105,\n\n23. Komisja na \u017c\u0105danie uczestnik\u00f3w post\u0119powania umo\u017cliwia im dost\u0119p do protok\u00f3\u0142u w zakresie nie naruszaj\u0105cym wa\u017cny interes pa\u0144stwa, wa\u017cne interesy handlowe stron oraz zasady uczciwej konkurencji, przebiegu badania ,oceny i por\u00f3wnania tre\u015bci z\u0142o\u017conych ofert.\n\n24. Przygotowanie i rozes\u0142anie og\u0142oszenia o wyborze najkorzystniejszej oferty \/drukZp-150\/.\n\n25. Komisja w przypadku otrzymania protestu zawiesza post\u0119powanie do czasu jego rozstrzygni\u0119cia . nie d\u0142u\u017cej ni\u017c 7 dni.\n\n26 Komisja sporz\u0105dza ko\u0144cowy protok\u00f3\u0142 post\u0119powania przekazuj\u0105c ca\u0142o\u015b\u0107 dokumentacji n m pracownikom zamawiaj\u0105cego, kt\u00f3rzy b\u0119d\u0105 nadzorowa\u0107 lub zarz\u0105dza\u0107 realizacj\u0119 zawartej umowy w wyniku post\u0119powania.\n\n<\/div>\n<\/div>\n<\/article><\/div>\n<\/div><!--{\/content}--><\/div><\/div><!--[\/html]-->\n","protected":false},"excerpt":{"rendered":"","protected":false},"author":1,"featured_media":171,"parent":0,"menu_order":0,"comment_status":"closed","ping_status":"closed","template":"","meta":{"footnotes":""},"class_list":["post-168","page","type-page","status-publish","has-post-thumbnail","hentry"],"_links":{"self":[{"href":"http:\/\/zum-skierniewice.pl\/index.php\/wp-json\/wp\/v2\/pages\/168","targetHints":{"allow":["GET"]}}],"collection":[{"href":"http:\/\/zum-skierniewice.pl\/index.php\/wp-json\/wp\/v2\/pages"}],"about":[{"href":"http:\/\/zum-skierniewice.pl\/index.php\/wp-json\/wp\/v2\/types\/page"}],"author":[{"embeddable":true,"href":"http:\/\/zum-skierniewice.pl\/index.php\/wp-json\/wp\/v2\/users\/1"}],"replies":[{"embeddable":true,"href":"http:\/\/zum-skierniewice.pl\/index.php\/wp-json\/wp\/v2\/comments?post=168"}],"version-history":[{"count":12,"href":"http:\/\/zum-skierniewice.pl\/index.php\/wp-json\/wp\/v2\/pages\/168\/revisions"}],"predecessor-version":[{"id":1322,"href":"http:\/\/zum-skierniewice.pl\/index.php\/wp-json\/wp\/v2\/pages\/168\/revisions\/1322"}],"wp:featuredmedia":[{"embeddable":true,"href":"http:\/\/zum-skierniewice.pl\/index.php\/wp-json\/wp\/v2\/media\/171"}],"wp:attachment":[{"href":"http:\/\/zum-skierniewice.pl\/index.php\/wp-json\/wp\/v2\/media?parent=168"}],"curies":[{"name":"wp","href":"https:\/\/api.w.org\/{rel}","templated":true}]}}