{"id":1314,"date":"2024-01-16T22:40:05","date_gmt":"2024-01-16T21:40:05","guid":{"rendered":"http:\/\/new.zum-skierniewice.pl\/?page_id=1314"},"modified":"2024-01-24T12:23:00","modified_gmt":"2024-01-24T11:23:00","slug":"wydarzenia","status":"publish","type":"page","link":"https:\/\/zum-skierniewice.pl\/index.php\/wydarzenia\/","title":{"rendered":"WYDARZENIA"},"content":{"rendered":"<style>.wp-show-posts-columns#wpsp-1312 {margin-left: -5em; }.wp-show-posts-columns#wpsp-1312 .wp-show-posts-inner {margin: 0 0 5em 5em; }<\/style><section id=\"wpsp-1312\" class=\" wp-show-posts\" style=\"\"><article class=\" wp-show-posts-single wpsp-clearfix post-2021 post type-post status-publish format-standard has-post-thumbnail hentry category-wydarzenia\" itemtype=\"http:\/\/schema.org\/CreativeWork\" itemscope><div class=\"wp-show-posts-inner\" style=\"\">\t\t<div class=\"wp-show-posts-image  wpsp-image-left \">\n\t\t\t<a href=\"https:\/\/zum-skierniewice.pl\/index.php\/2024\/02\/26\/adoptuj-psa-ze-skierniewic\/\"  title=\"ADOPTUJ PSA ZE SKIERNIEWIC!\">\t\t\t\t\t<img decoding=\"async\" src=\"https:\/\/zum-skierniewice.pl\/wp-content\/uploads\/2024\/02\/NASZ-FACEBOOK2-1-400x200.jpg\" alt=\"ADOPTUJ PSA ZE SKIERNIEWIC!\" itemprop=\"image\" class=\"left\" \/>\n\t\t\t\t<\/a>\t\t<\/div>\n\t\t\t\t\t\t\t\t<header class=\"wp-show-posts-entry-header\">\n\t\t\t\t\t\t\t<h3 class=\"wp-show-posts-entry-title\" itemprop=\"headline\"><a href=\"https:\/\/zum-skierniewice.pl\/index.php\/2024\/02\/26\/adoptuj-psa-ze-skierniewic\/\" rel=\"bookmark\">ADOPTUJ PSA ZE SKIERNIEWIC!<\/a><\/h3>\t\t\t\t\t\t<\/header><!-- .entry-header -->\n\t\t\t\t\t\t\t\t\t\t\t<div class=\"wp-show-posts-entry-content\" itemprop=\"text\">\n\t\t\t\t\t\t\t\t\t\t\t\t\t<\/div><!-- .entry-content -->\n\t\t\t\t\t<div class=\"wpsp-read-more\"><a title=\"ADOPTUJ PSA ZE SKIERNIEWIC!\" class=\"wp-show-posts-read-more\" href=\"https:\/\/zum-skierniewice.pl\/index.php\/2024\/02\/26\/adoptuj-psa-ze-skierniewic\/\">CZYTAJ WI\u0118CEJ<\/a><\/div><\/div><!-- wp-show-posts-inner --><div class=\"wpsp-clear\"><\/div><\/article><article class=\" wp-show-posts-single wpsp-clearfix post-1985 post type-post status-publish format-standard has-post-thumbnail hentry category-wydarzenia\" itemtype=\"http:\/\/schema.org\/CreativeWork\" itemscope><div class=\"wp-show-posts-inner\" style=\"\">\t\t<div class=\"wp-show-posts-image  wpsp-image-left \">\n\t\t\t<a href=\"https:\/\/zum-skierniewice.pl\/index.php\/2024\/02\/26\/1985\/\"  title=\"AKCJA &#8222;WALENTYNKA DLA PUPILA&#8221;\">\t\t\t\t\t<img decoding=\"async\" src=\"https:\/\/zum-skierniewice.pl\/wp-content\/uploads\/2024\/02\/419280275_791921892977558_5409608055534309402_n-400x209.jpg\" alt=\"AKCJA &#8222;WALENTYNKA DLA PUPILA&#8221;\" itemprop=\"image\" class=\"left\" \/>\n\t\t\t\t<\/a>\t\t<\/div>\n\t\t\t\t\t\t\t\t<header class=\"wp-show-posts-entry-header\">\n\t\t\t\t\t\t\t<h3 class=\"wp-show-posts-entry-title\" itemprop=\"headline\"><a href=\"https:\/\/zum-skierniewice.pl\/index.php\/2024\/02\/26\/1985\/\" rel=\"bookmark\">AKCJA &#8222;WALENTYNKA DLA PUPILA&#8221;<\/a><\/h3>\t\t\t\t\t\t<\/header><!-- .entry-header -->\n\t\t\t\t\t\t\t\t\t\t\t<div class=\"wp-show-posts-entry-content\" itemprop=\"text\">\n\t\t\t\t\t\t\t<h2><\/h2>\n\t\t\t\t\t\t<\/div><!-- .entry-content -->\n\t\t\t\t\t<div class=\"wpsp-read-more\"><a title=\"AKCJA &#8222;WALENTYNKA DLA PUPILA&#8221;\" class=\"wp-show-posts-read-more\" href=\"https:\/\/zum-skierniewice.pl\/index.php\/2024\/02\/26\/1985\/\">CZYTAJ WI\u0118CEJ<\/a><\/div><\/div><!-- wp-show-posts-inner --><div class=\"wpsp-clear\"><\/div><\/article><article class=\" wp-show-posts-single wpsp-clearfix post-1968 post type-post status-publish format-standard has-post-thumbnail hentry category-wydarzenia\" itemtype=\"http:\/\/schema.org\/CreativeWork\" itemscope><div class=\"wp-show-posts-inner\" style=\"\">\t\t<div class=\"wp-show-posts-image  wpsp-image-left \">\n\t\t\t<a href=\"https:\/\/zum-skierniewice.pl\/index.php\/2024\/02\/26\/przycinanie-drzew-w-miescie\/\"  title=\"PRZYCINANIE DRZEW W MIE\u015aCIE\">\t\t\t\t\t<img decoding=\"async\" src=\"https:\/\/zum-skierniewice.pl\/wp-content\/uploads\/2024\/02\/421648540_869975891800075_4734027137369469067_n-1-e1708934786216-400x195.jpg\" alt=\"PRZYCINANIE DRZEW W MIE\u015aCIE\" itemprop=\"image\" class=\"left\" \/>\n\t\t\t\t<\/a>\t\t<\/div>\n\t\t\t\t\t\t\t\t<header class=\"wp-show-posts-entry-header\">\n\t\t\t\t\t\t\t<h3 class=\"wp-show-posts-entry-title\" itemprop=\"headline\"><a href=\"https:\/\/zum-skierniewice.pl\/index.php\/2024\/02\/26\/przycinanie-drzew-w-miescie\/\" rel=\"bookmark\">PRZYCINANIE DRZEW W MIE\u015aCIE<\/a><\/h3>\t\t\t\t\t\t<\/header><!-- .entry-header -->\n\t\t\t\t\t\t\t\t\t\t\t<div class=\"wp-show-posts-entry-content\" itemprop=\"text\">\n\t\t\t\t\t\t\t\t\t\t\t\t\t<\/div><!-- .entry-content -->\n\t\t\t\t\t<div class=\"wpsp-read-more\"><a title=\"PRZYCINANIE DRZEW W MIE\u015aCIE\" class=\"wp-show-posts-read-more\" href=\"https:\/\/zum-skierniewice.pl\/index.php\/2024\/02\/26\/przycinanie-drzew-w-miescie\/\">CZYTAJ WI\u0118CEJ<\/a><\/div><\/div><!-- wp-show-posts-inner --><div class=\"wpsp-clear\"><\/div><\/article><article class=\" wp-show-posts-single wpsp-clearfix post-1816 post type-post status-publish format-standard has-post-thumbnail hentry category-bez-kategorii category-wydarzenia\" itemtype=\"http:\/\/schema.org\/CreativeWork\" itemscope><div class=\"wp-show-posts-inner\" style=\"\">\t\t<div class=\"wp-show-posts-image  wpsp-image-left \">\n\t\t\t<a href=\"https:\/\/zum-skierniewice.pl\/index.php\/2024\/01\/26\/koksowniki-w-miescie\/\"  title=\"KOKSOWNIKI W MIE\u015aCIE\">\t\t\t\t\t<img decoding=\"async\" src=\"https:\/\/zum-skierniewice.pl\/wp-content\/uploads\/2024\/01\/421914573_875017117962619_8455023175175317944_n-e1708932877608-400x182.jpg\" alt=\"KOKSOWNIKI W MIE\u015aCIE\" itemprop=\"image\" class=\"left\" \/>\n\t\t\t\t<\/a>\t\t<\/div>\n\t\t\t\t\t\t\t\t<header class=\"wp-show-posts-entry-header\">\n\t\t\t\t\t\t\t<h3 class=\"wp-show-posts-entry-title\" itemprop=\"headline\"><a href=\"https:\/\/zum-skierniewice.pl\/index.php\/2024\/01\/26\/koksowniki-w-miescie\/\" rel=\"bookmark\">KOKSOWNIKI W MIE\u015aCIE<\/a><\/h3>\t\t\t\t\t\t<\/header><!-- .entry-header -->\n\t\t\t\t\t\t\t\t\t\t\t<div class=\"wp-show-posts-entry-content\" itemprop=\"text\">\n\t\t\t\t\t\t\t\t\t\t\t\t\t<\/div><!-- .entry-content -->\n\t\t\t\t\t<div class=\"wpsp-read-more\"><a title=\"KOKSOWNIKI W MIE\u015aCIE\" class=\"wp-show-posts-read-more\" href=\"https:\/\/zum-skierniewice.pl\/index.php\/2024\/01\/26\/koksowniki-w-miescie\/\">CZYTAJ WI\u0118CEJ<\/a><\/div><\/div><!-- wp-show-posts-inner --><div class=\"wpsp-clear\"><\/div><\/article><article class=\" wp-show-posts-single wpsp-clearfix post-1526 post type-post status-publish format-standard has-post-thumbnail hentry category-wydarzenia\" itemtype=\"http:\/\/schema.org\/CreativeWork\" itemscope><div class=\"wp-show-posts-inner\" style=\"\">\t\t<div class=\"wp-show-posts-image  wpsp-image-left \">\n\t\t\t<a href=\"https:\/\/zum-skierniewice.pl\/index.php\/2023\/12\/23\/bobry-w-parku-miejskim\/\"  title=\"BOBRY W PARKU MIEJSKIM\">\t\t\t\t\t<img decoding=\"async\" src=\"https:\/\/zum-skierniewice.pl\/wp-content\/uploads\/2024\/02\/421848376_875017121295952_5829002827246375502_n-2-e1707812131611-400x187.jpg\" alt=\"BOBRY W PARKU MIEJSKIM\" itemprop=\"image\" class=\"left\" \/>\n\t\t\t\t<\/a>\t\t<\/div>\n\t\t\t\t\t\t\t\t<header class=\"wp-show-posts-entry-header\">\n\t\t\t\t\t\t\t<h3 class=\"wp-show-posts-entry-title\" itemprop=\"headline\"><a href=\"https:\/\/zum-skierniewice.pl\/index.php\/2023\/12\/23\/bobry-w-parku-miejskim\/\" rel=\"bookmark\">BOBRY W PARKU MIEJSKIM<\/a><\/h3>\t\t\t\t\t\t<\/header><!-- .entry-header -->\n\t\t\t\t\t\t\t\t\t\t\t<div class=\"wp-show-posts-entry-content\" itemprop=\"text\">\n\t\t\t\t\t\t\t\t\t\t\t\t\t<\/div><!-- .entry-content -->\n\t\t\t\t\t<div class=\"wpsp-read-more\"><a title=\"BOBRY W PARKU MIEJSKIM\" class=\"wp-show-posts-read-more\" href=\"https:\/\/zum-skierniewice.pl\/index.php\/2023\/12\/23\/bobry-w-parku-miejskim\/\">CZYTAJ WI\u0118CEJ<\/a><\/div><\/div><!-- wp-show-posts-inner --><div class=\"wpsp-clear\"><\/div><\/article><article class=\" wp-show-posts-single wpsp-clearfix post-1744 post type-post status-publish format-standard has-post-thumbnail hentry category-wydarzenia\" itemtype=\"http:\/\/schema.org\/CreativeWork\" itemscope><div class=\"wp-show-posts-inner\" style=\"\">\t\t<div class=\"wp-show-posts-image  wpsp-image-left \">\n\t\t\t<a href=\"https:\/\/zum-skierniewice.pl\/index.php\/2023\/12\/22\/swiateczne-iluminacje-w-miescie\/\"  title=\"\u015aWI\u0104TECZNE ILUMINACJE W MIE\u015aCIE!\">\t\t\t\t\t<img decoding=\"async\" src=\"https:\/\/zum-skierniewice.pl\/wp-content\/uploads\/2024\/02\/IMG_2118-1-e1707385902314-400x183.jpeg\" alt=\"\u015aWI\u0104TECZNE ILUMINACJE W MIE\u015aCIE!\" itemprop=\"image\" class=\"left\" \/>\n\t\t\t\t<\/a>\t\t<\/div>\n\t\t\t\t\t\t\t\t<header class=\"wp-show-posts-entry-header\">\n\t\t\t\t\t\t\t<h3 class=\"wp-show-posts-entry-title\" itemprop=\"headline\"><a href=\"https:\/\/zum-skierniewice.pl\/index.php\/2023\/12\/22\/swiateczne-iluminacje-w-miescie\/\" rel=\"bookmark\">\u015aWI\u0104TECZNE ILUMINACJE W MIE\u015aCIE!<\/a><\/h3>\t\t\t\t\t\t<\/header><!-- .entry-header -->\n\t\t\t\t\t\t\t\t\t\t\t<div class=\"wp-show-posts-entry-content\" itemprop=\"text\">\n\t\t\t\t\t\t\t<h1><\/h1>\n\t\t\t\t\t\t<\/div><!-- .entry-content -->\n\t\t\t\t\t<div class=\"wpsp-read-more\"><a title=\"\u015aWI\u0104TECZNE ILUMINACJE W MIE\u015aCIE!\" class=\"wp-show-posts-read-more\" href=\"https:\/\/zum-skierniewice.pl\/index.php\/2023\/12\/22\/swiateczne-iluminacje-w-miescie\/\">CZYTAJ WI\u0118CEJ<\/a><\/div><\/div><!-- wp-show-posts-inner --><div class=\"wpsp-clear\"><\/div><\/article><article class=\" wp-show-posts-single wpsp-clearfix post-1090 post type-post status-publish format-standard has-post-thumbnail hentry category-wydarzenia\" itemtype=\"http:\/\/schema.org\/CreativeWork\" itemscope><div class=\"wp-show-posts-inner\" style=\"\">\t\t<div class=\"wp-show-posts-image  wpsp-image-left \">\n\t\t\t<a href=\"https:\/\/zum-skierniewice.pl\/index.php\/2023\/12\/14\/odwiedz-swietego-mikolaja-w-parku-miejskim\/\"  title=\"ODWIED\u0179 \u015aWI\u0118TEGO MIKO\u0141AJA W PARKU MIEJSKIM!\">\t\t\t\t\t<img decoding=\"async\" src=\"https:\/\/zum-skierniewice.pl\/wp-content\/uploads\/2023\/12\/Projekt-bez-nazwy11-400x200.png\" alt=\"ODWIED\u0179 \u015aWI\u0118TEGO MIKO\u0141AJA W PARKU MIEJSKIM!\" itemprop=\"image\" class=\"left\" \/>\n\t\t\t\t<\/a>\t\t<\/div>\n\t\t\t\t\t\t\t\t<header class=\"wp-show-posts-entry-header\">\n\t\t\t\t\t\t\t<h3 class=\"wp-show-posts-entry-title\" itemprop=\"headline\"><a href=\"https:\/\/zum-skierniewice.pl\/index.php\/2023\/12\/14\/odwiedz-swietego-mikolaja-w-parku-miejskim\/\" rel=\"bookmark\">ODWIED\u0179 \u015aWI\u0118TEGO MIKO\u0141AJA W PARKU MIEJSKIM!<\/a><\/h3>\t\t\t\t\t\t<\/header><!-- .entry-header -->\n\t\t\t\t\t\t\t\t\t\t\t<div class=\"wp-show-posts-entry-content\" itemprop=\"text\">\n\t\t\t\t\t\t\t\t\t\t\t\t\t<\/div><!-- .entry-content -->\n\t\t\t\t\t<div class=\"wpsp-read-more\"><a title=\"ODWIED\u0179 \u015aWI\u0118TEGO MIKO\u0141AJA W PARKU MIEJSKIM!\" class=\"wp-show-posts-read-more\" href=\"https:\/\/zum-skierniewice.pl\/index.php\/2023\/12\/14\/odwiedz-swietego-mikolaja-w-parku-miejskim\/\">CZYTAJ WI\u0118CEJ<\/a><\/div><\/div><!-- wp-show-posts-inner --><div class=\"wpsp-clear\"><\/div><\/article><article class=\" wp-show-posts-single wpsp-clearfix post-577 post type-post status-publish format-standard has-post-thumbnail hentry category-wydarzenia\" itemtype=\"http:\/\/schema.org\/CreativeWork\" itemscope><div class=\"wp-show-posts-inner\" style=\"\">\t\t<div class=\"wp-show-posts-image  wpsp-image-left \">\n\t\t\t<a href=\"https:\/\/zum-skierniewice.pl\/index.php\/2023\/11\/28\/interesuj-sie-movember\/\"  title=\"INTERESUJ SI\u0118 &#8211; MOVEMBER!\">\t\t\t\t\t<img decoding=\"async\" src=\"https:\/\/zum-skierniewice.pl\/wp-content\/uploads\/2023\/11\/Prostate-Cancer-Awareness-Man-hand-holding-light-Blue-Ribbon-with-mustache-for-supporting-people-living-and-illness.-Men-Healthcare-and-World-cancer-day-concept-1168524051_5191x3461-scaled-400x267.jpeg\" alt=\"INTERESUJ SI\u0118 &#8211; MOVEMBER!\" itemprop=\"image\" class=\"left\" \/>\n\t\t\t\t<\/a>\t\t<\/div>\n\t\t\t\t\t\t\t\t<header class=\"wp-show-posts-entry-header\">\n\t\t\t\t\t\t\t<h3 class=\"wp-show-posts-entry-title\" itemprop=\"headline\"><a href=\"https:\/\/zum-skierniewice.pl\/index.php\/2023\/11\/28\/interesuj-sie-movember\/\" rel=\"bookmark\">INTERESUJ SI\u0118 &#8211; MOVEMBER!<\/a><\/h3>\t\t\t\t\t\t<\/header><!-- .entry-header -->\n\t\t\t\t\t\t\t\t\t\t\t<div class=\"wp-show-posts-entry-content\" itemprop=\"text\">\n\t\t\t\t\t\t\t\t\t\t\t\t\t<\/div><!-- .entry-content -->\n\t\t\t\t\t<div class=\"wpsp-read-more\"><a title=\"INTERESUJ SI\u0118 &#8211; MOVEMBER!\" class=\"wp-show-posts-read-more\" href=\"https:\/\/zum-skierniewice.pl\/index.php\/2023\/11\/28\/interesuj-sie-movember\/\">CZYTAJ WI\u0118CEJ<\/a><\/div><\/div><!-- wp-show-posts-inner --><div class=\"wpsp-clear\"><\/div><\/article><article class=\" wp-show-posts-single wpsp-clearfix post-545 post type-post status-publish format-standard has-post-thumbnail hentry category-wydarzenia\" itemtype=\"http:\/\/schema.org\/CreativeWork\" itemscope><div class=\"wp-show-posts-inner\" style=\"\">\t\t<div class=\"wp-show-posts-image  wpsp-image-left \">\n\t\t\t<a href=\"https:\/\/zum-skierniewice.pl\/index.php\/2023\/11\/27\/szkolenie-jak-nalezycie-przewozic-bezdomne-i-dzikie-zwierzeta\/\"  title=\"SZKOLENIE &#8211; jak nale\u017cycie przewozi\u0107 bezdomne i dzikie zwierz\u0119ta\">\t\t\t\t\t<img decoding=\"async\" src=\"https:\/\/zum-skierniewice.pl\/wp-content\/uploads\/2023\/11\/394764391_807988687998796_7145460738511556344_n-e1701088172540-400x259.jpg\" alt=\"SZKOLENIE &#8211; jak nale\u017cycie przewozi\u0107 bezdomne i dzikie zwierz\u0119ta\" itemprop=\"image\" class=\"left\" \/>\n\t\t\t\t<\/a>\t\t<\/div>\n\t\t\t\t\t\t\t\t<header class=\"wp-show-posts-entry-header\">\n\t\t\t\t\t\t\t<h3 class=\"wp-show-posts-entry-title\" itemprop=\"headline\"><a href=\"https:\/\/zum-skierniewice.pl\/index.php\/2023\/11\/27\/szkolenie-jak-nalezycie-przewozic-bezdomne-i-dzikie-zwierzeta\/\" rel=\"bookmark\">SZKOLENIE &#8211; jak nale\u017cycie przewozi\u0107 bezdomne i dzikie zwierz\u0119ta<\/a><\/h3>\t\t\t\t\t\t<\/header><!-- .entry-header -->\n\t\t\t\t\t\t\t\t\t\t\t<div class=\"wp-show-posts-entry-content\" itemprop=\"text\">\n\t\t\t\t\t\t\t\t\t\t\t\t\t<\/div><!-- .entry-content -->\n\t\t\t\t\t<div class=\"wpsp-read-more\"><a title=\"SZKOLENIE &#8211; jak nale\u017cycie przewozi\u0107 bezdomne i dzikie zwierz\u0119ta\" class=\"wp-show-posts-read-more\" href=\"https:\/\/zum-skierniewice.pl\/index.php\/2023\/11\/27\/szkolenie-jak-nalezycie-przewozic-bezdomne-i-dzikie-zwierzeta\/\">CZYTAJ WI\u0118CEJ<\/a><\/div><\/div><!-- wp-show-posts-inner --><div class=\"wpsp-clear\"><\/div><\/article><article class=\" wp-show-posts-single wpsp-clearfix post-479 post type-post status-publish format-standard has-post-thumbnail hentry category-wydarzenia\" itemtype=\"http:\/\/schema.org\/CreativeWork\" itemscope><div class=\"wp-show-posts-inner\" style=\"\">\t\t<div class=\"wp-show-posts-image  wpsp-image-left \">\n\t\t\t<a href=\"https:\/\/zum-skierniewice.pl\/index.php\/2023\/11\/24\/iv-bieg-z-psyjacielem\/\"  title=\"IV BIEG Z PSYJACIELEM\">\t\t\t\t\t<img decoding=\"async\" src=\"https:\/\/zum-skierniewice.pl\/wp-content\/uploads\/2023\/11\/382987949_1069058204431346_7021308485197003805_n-400x209.jpg\" alt=\"IV BIEG Z PSYJACIELEM\" itemprop=\"image\" class=\"left\" \/>\n\t\t\t\t<\/a>\t\t<\/div>\n\t\t\t\t\t\t\t\t<header class=\"wp-show-posts-entry-header\">\n\t\t\t\t\t\t\t<h3 class=\"wp-show-posts-entry-title\" itemprop=\"headline\"><a href=\"https:\/\/zum-skierniewice.pl\/index.php\/2023\/11\/24\/iv-bieg-z-psyjacielem\/\" rel=\"bookmark\">IV BIEG Z PSYJACIELEM<\/a><\/h3>\t\t\t\t\t\t<\/header><!-- .entry-header -->\n\t\t\t\t\t\t\t\t\t\t\t<div class=\"wp-show-posts-entry-content\" itemprop=\"text\">\n\t\t\t\t\t\t\t\t\t\t\t\t\t<\/div><!-- .entry-content -->\n\t\t\t\t\t<div class=\"wpsp-read-more\"><a title=\"IV BIEG Z PSYJACIELEM\" class=\"wp-show-posts-read-more\" href=\"https:\/\/zum-skierniewice.pl\/index.php\/2023\/11\/24\/iv-bieg-z-psyjacielem\/\">CZYTAJ WI\u0118CEJ<\/a><\/div><\/div><!-- wp-show-posts-inner --><div class=\"wpsp-clear\"><\/div><\/article><article class=\" wp-show-posts-single wpsp-clearfix post-501 post type-post status-publish format-standard has-post-thumbnail hentry category-wydarzenia\" itemtype=\"http:\/\/schema.org\/CreativeWork\" itemscope><div class=\"wp-show-posts-inner\" style=\"\">\t\t<div class=\"wp-show-posts-image  wpsp-image-left \">\n\t\t\t<a href=\"https:\/\/zum-skierniewice.pl\/index.php\/2023\/10\/24\/501\/\"  title=\"SPRZ\u0104TANIE RAWKI &#8211; &#8222;SENIORZY W AKCJI&#8221;\">\t\t\t\t\t<img decoding=\"async\" src=\"https:\/\/zum-skierniewice.pl\/wp-content\/uploads\/2023\/11\/391515038_777131264218959_7753187473909278398_n-e1707124684679-400x218.jpg\" alt=\"SPRZ\u0104TANIE RAWKI &#8211; &#8222;SENIORZY W AKCJI&#8221;\" itemprop=\"image\" class=\"left\" \/>\n\t\t\t\t<\/a>\t\t<\/div>\n\t\t\t\t\t\t\t\t<header class=\"wp-show-posts-entry-header\">\n\t\t\t\t\t\t\t<h3 class=\"wp-show-posts-entry-title\" itemprop=\"headline\"><a href=\"https:\/\/zum-skierniewice.pl\/index.php\/2023\/10\/24\/501\/\" rel=\"bookmark\">SPRZ\u0104TANIE RAWKI &#8211; &#8222;SENIORZY W AKCJI&#8221;<\/a><\/h3>\t\t\t\t\t\t<\/header><!-- .entry-header -->\n\t\t\t\t\t\t\t\t\t\t\t<div class=\"wp-show-posts-entry-content\" itemprop=\"text\">\n\t\t\t\t\t\t\t\t\t\t\t\t\t<\/div><!-- .entry-content -->\n\t\t\t\t\t<div class=\"wpsp-read-more\"><a title=\"SPRZ\u0104TANIE RAWKI &#8211; &#8222;SENIORZY W AKCJI&#8221;\" class=\"wp-show-posts-read-more\" href=\"https:\/\/zum-skierniewice.pl\/index.php\/2023\/10\/24\/501\/\">CZYTAJ WI\u0118CEJ<\/a><\/div><\/div><!-- wp-show-posts-inner --><div class=\"wpsp-clear\"><\/div><\/article><article class=\" wp-show-posts-single wpsp-clearfix post-474 post type-post status-publish format-standard has-post-thumbnail hentry category-wydarzenia\" itemtype=\"http:\/\/schema.org\/CreativeWork\" itemscope><div class=\"wp-show-posts-inner\" style=\"\">\t\t<div class=\"wp-show-posts-image  wpsp-image-left \">\n\t\t\t<a href=\"https:\/\/zum-skierniewice.pl\/index.php\/2023\/09\/24\/swieto-kwiatow-owocow-i-warzyw-2023\/\"  title=\"\u015aWI\u0118TO KWIAT\u00d3W OWOC\u00d3W I WARZYW 2023\">\t\t\t\t\t<img decoding=\"async\" src=\"https:\/\/zum-skierniewice.pl\/wp-content\/uploads\/2023\/09\/Projekt-bez-nazwy10-400x200.png\" alt=\"\u015aWI\u0118TO KWIAT\u00d3W OWOC\u00d3W I WARZYW 2023\" itemprop=\"image\" class=\"left\" \/>\n\t\t\t\t<\/a>\t\t<\/div>\n\t\t\t\t\t\t\t\t<header class=\"wp-show-posts-entry-header\">\n\t\t\t\t\t\t\t<h3 class=\"wp-show-posts-entry-title\" itemprop=\"headline\"><a href=\"https:\/\/zum-skierniewice.pl\/index.php\/2023\/09\/24\/swieto-kwiatow-owocow-i-warzyw-2023\/\" rel=\"bookmark\">\u015aWI\u0118TO KWIAT\u00d3W OWOC\u00d3W I WARZYW 2023<\/a><\/h3>\t\t\t\t\t\t<\/header><!-- .entry-header -->\n\t\t\t\t\t\t\t\t\t\t\t<div class=\"wp-show-posts-entry-content\" itemprop=\"text\">\n\t\t\t\t\t\t\t\t\t\t\t\t\t<\/div><!-- .entry-content -->\n\t\t\t\t\t<div class=\"wpsp-read-more\"><a title=\"\u015aWI\u0118TO KWIAT\u00d3W OWOC\u00d3W I WARZYW 2023\" class=\"wp-show-posts-read-more\" href=\"https:\/\/zum-skierniewice.pl\/index.php\/2023\/09\/24\/swieto-kwiatow-owocow-i-warzyw-2023\/\">CZYTAJ WI\u0118CEJ<\/a><\/div><\/div><!-- wp-show-posts-inner --><div class=\"wpsp-clear\"><\/div><\/article><\/section><!-- .wp-show-posts -->\n","protected":false},"excerpt":{"rendered":"","protected":false},"author":1,"featured_media":0,"parent":0,"menu_order":0,"comment_status":"closed","ping_status":"closed","template":"","meta":{"footnotes":""},"class_list":["post-1314","page","type-page","status-publish","hentry"],"_links":{"self":[{"href":"https:\/\/zum-skierniewice.pl\/index.php\/wp-json\/wp\/v2\/pages\/1314","targetHints":{"allow":["GET"]}}],"collection":[{"href":"https:\/\/zum-skierniewice.pl\/index.php\/wp-json\/wp\/v2\/pages"}],"about":[{"href":"https:\/\/zum-skierniewice.pl\/index.php\/wp-json\/wp\/v2\/types\/page"}],"author":[{"embeddable":true,"href":"https:\/\/zum-skierniewice.pl\/index.php\/wp-json\/wp\/v2\/users\/1"}],"replies":[{"embeddable":true,"href":"https:\/\/zum-skierniewice.pl\/index.php\/wp-json\/wp\/v2\/comments?post=1314"}],"version-history":[{"count":6,"href":"https:\/\/zum-skierniewice.pl\/index.php\/wp-json\/wp\/v2\/pages\/1314\/revisions"}],"predecessor-version":[{"id":1417,"href":"https:\/\/zum-skierniewice.pl\/index.php\/wp-json\/wp\/v2\/pages\/1314\/revisions\/1417"}],"wp:attachment":[{"href":"https:\/\/zum-skierniewice.pl\/index.php\/wp-json\/wp\/v2\/media?parent=1314"}],"curies":[{"name":"wp","href":"https:\/\/api.w.org\/{rel}","templated":true}]}}