{"id":2,"date":"2023-06-08T20:11:56","date_gmt":"2023-06-08T18:11:56","guid":{"rendered":"http:\/\/new.zum-skierniewice.pl\/?page_id=2"},"modified":"2024-02-26T12:29:05","modified_gmt":"2024-02-26T11:29:05","slug":"przykladowa-strona","status":"publish","type":"page","link":"https:\/\/zum-skierniewice.pl\/","title":{"rendered":"AKTUALNO\u015aCI"},"content":{"rendered":"<p><!--[html]--><style><\/style><div class=\"bd-tagstyles  additional-class-464492882 \"><div class=\"bd-container-inner bd-content-element\"><!--{content}--><p>&nbsp;<\/p>\r\n<p>&nbsp;<\/p>\r\n<!-- wp:paragraph {\"fontSize\":\"medium\"} -->\r\n<p class=\"has-medium-font-size\" style=\"text-align: justify;\"><span style=\"color: #000000;\">Zak\u0142ad Utrzymania Miasta w Skierniewicach Sp. z o.o. dba o czysto\u015b\u0107 i estetyk\u0119 teren\u00f3w miejskich. W ramach podstawowych zada\u0144 pracownicy sp\u00f3\u0142ki zajmuj\u0105 si\u0119 tworzeniem i utrzymaniem zieleni, oczyszczaniem ulic i chodnik\u00f3w oraz zachowaniem porz\u0105dku na placach zabaw. Sp\u00f3\u0142ka posiada za\u0142og\u0119 i niezb\u0119dny sprz\u0119t, kt\u00f3ry pozwala utrzymywa\u0107 bezpiecze\u0144stwo na g\u0142\u00f3wnych ci\u0105gach komunikacyjnych (ulicach i chodnikach) w trakcie trwania zimowych miesi\u0119cy. Zak\u0142ad Utrzymania Miasta swoje dzia\u0142ania ogniskuje r\u00f3wnie\u017c wok\u00f3\u0142 prowadzenia schroniska dla bezdomnych zwierz\u0105t, targowiska miejskiego oraz o\u015bwietlenia ulicznego.<\/span><\/p>\r\n<p>&nbsp;<\/p>\r\n<!-- \/wp:paragraph -->\r\n<div dir=\"ltr\" data-mode=\"id\">\r\n<div class=\"n2_ss_slider_publish__option_code\" dir=\"ltr\" data-mode=\"id\"><\/div>\r\n<div dir=\"ltr\" data-mode=\"id\">\u00a0<\/div>\r\n<div dir=\"ltr\" data-mode=\"id\">\u00a0<\/div>\r\n<\/div>\r\n<div class=\"n2_ss_slider_publish__option_code\" dir=\"ltr\" data-mode=\"id\"><\/div>\r\n<p>&nbsp;<\/p><!--{\/content}--><\/div><\/div><!--[\/html]--> <!--[container_effect]--> <div class=\"container-effect container  bd-containereffect-1506574991 \"><!--{content}-->\n    <!--[separator]-->\n    <style>\n.bd-separator-750969817{margin:20px;padding:10px 0px;}<\/style>        <style>\n.bd-separator-750969817 .bd-separator-inner:before, .bd-separator-750969817 .bd-separator-inner:after{border-top:1px solid #d1bf9e;}<\/style>    <style>\n.bd-separator-750969817 .bd-separator-inner{width:100%;}<\/style>\n    <div class=\" bd-separator-750969817  bd-no-margins bd-separator-center bd-separator-content-center clearfix\">\n        <div class=\"bd-container-inner\">\n            <div class=\"bd-separator-inner\">\n                                <!--{content}--><!--{\/content}-->\n            <\/div>\n        <\/div>\n    <\/div>\n    <!--[\/separator]-->\n\n    <!--{\/content}--><\/div><!--[\/container_effect]--><\/p>\n","protected":false},"excerpt":{"rendered":"","protected":false},"author":1,"featured_media":0,"parent":0,"menu_order":0,"comment_status":"closed","ping_status":"open","template":"templates\/front_1.php","meta":{"footnotes":""},"class_list":["post-2","page","type-page","status-publish","hentry"],"_links":{"self":[{"href":"https:\/\/zum-skierniewice.pl\/index.php\/wp-json\/wp\/v2\/pages\/2","targetHints":{"allow":["GET"]}}],"collection":[{"href":"https:\/\/zum-skierniewice.pl\/index.php\/wp-json\/wp\/v2\/pages"}],"about":[{"href":"https:\/\/zum-skierniewice.pl\/index.php\/wp-json\/wp\/v2\/types\/page"}],"author":[{"embeddable":true,"href":"https:\/\/zum-skierniewice.pl\/index.php\/wp-json\/wp\/v2\/users\/1"}],"replies":[{"embeddable":true,"href":"https:\/\/zum-skierniewice.pl\/index.php\/wp-json\/wp\/v2\/comments?post=2"}],"version-history":[{"count":24,"href":"https:\/\/zum-skierniewice.pl\/index.php\/wp-json\/wp\/v2\/pages\/2\/revisions"}],"predecessor-version":[{"id":1742,"href":"https:\/\/zum-skierniewice.pl\/index.php\/wp-json\/wp\/v2\/pages\/2\/revisions\/1742"}],"wp:attachment":[{"href":"https:\/\/zum-skierniewice.pl\/index.php\/wp-json\/wp\/v2\/media?parent=2"}],"curies":[{"name":"wp","href":"https:\/\/api.w.org\/{rel}","templated":true}]}}